{"id":22,"date":"2022-03-16T14:38:58","date_gmt":"2022-03-16T13:38:58","guid":{"rendered":"http:\/\/bon.wsgk.com.pl\/?page_id=22"},"modified":"2025-01-03T12:21:28","modified_gmt":"2025-01-03T11:21:28","slug":"bon","status":"publish","type":"page","link":"https:\/\/bon.wsgk.com.pl\/?page_id=22","title":{"rendered":"BON"},"content":{"rendered":"\t\t<div data-elementor-type=\"wp-page\" data-elementor-id=\"22\" class=\"elementor elementor-22\">\n\t\t\t\t\t\t<section class=\"elementor-section elementor-top-section elementor-element elementor-element-5212246d elementor-section-boxed elementor-section-height-default elementor-section-height-default\" data-id=\"5212246d\" data-element_type=\"section\" data-e-type=\"section\">\n\t\t\t\t\t\t<div class=\"elementor-container elementor-column-gap-default\">\n\t\t\t\t\t<div class=\"elementor-column elementor-col-100 elementor-top-column elementor-element elementor-element-2a6574fb\" data-id=\"2a6574fb\" data-element_type=\"column\" data-e-type=\"column\">\n\t\t\t<div class=\"elementor-widget-wrap elementor-element-populated\">\n\t\t\t\t\t\t<div class=\"elementor-element elementor-element-48c5e5fe elementor-widget elementor-widget-text-editor\" data-id=\"48c5e5fe\" data-element_type=\"widget\" data-e-type=\"widget\" data-widget_type=\"text-editor.default\">\n\t\t\t\t<div class=\"elementor-widget-container\">\n\t\t\t\t\t\t\t\t\t<p>Wsp\u00f3\u0142pracujemy ze studentami z niepe\u0142nosprawno\u015bciami oraz osobami do\u015bwiadczaj\u0105cymi<br \/>kryzys\u00f3w zdrowia psychicznego. Prowadzimy doradztwo i szkolenia z zakresu efektywnego<br \/>uczenia si\u0119 i wykorzystania czasu studi\u00f3w.<\/p>\n<p><!-- \/wp:paragraph --><!-- wp:paragraph --><\/p>\n<p>Misj\u0105 Biura jest:<\/p>\n<p><!-- \/wp:paragraph --><!-- wp:paragraph --><\/p>\n<p>\u2013 integracja os\u00f3b z niepe\u0142nosprawno\u015bciami ze \u015brodowiskiem akademickim,<br \/>\u2013 wyr\u00f3wnanie szans edukacyjnych,<br \/>\u2013 likwidowanie barier oraz przeciwdzia\u0142anie wykluczeniu,<br \/>\u2013 dostosowanie procesu dydaktycznego do student\u00f3w o r\u00f3\u017cnych potrzebach<br \/>wynikaj\u0105cych ze stanu zdrowia.<\/p>\n<p><!-- \/wp:paragraph --><!-- wp:paragraph --><\/p>\n<p>W czasie dy\u017cur\u00f3w udzielamy porady zwi\u0105zanych ze studiowaniem oraz pomagamy<br \/>rozwi\u0105zywa\u0107 r\u00f3\u017cne, indywidualne problemy. Wszystkim studentom zapewniamy dyskrecj\u0119<br \/>i przyjemn\u0105 atmosfer\u0119.<\/p>\n<p><!-- \/wp:paragraph --><!-- wp:paragraph --><\/p>\n<p>Dla kogo dzia\u0142amy?<\/p>\n<p><!-- \/wp:paragraph --><!-- wp:paragraph --><\/p>\n<p>\u2013 Dla student\u00f3w z orzeczonym stopniem niepe\u0142nosprawno\u015bci<br \/>\u2013 Dla os\u00f3b przewlekle chorych<br \/>\u2013 Dla student\u00f3w do\u015bwiadczaj\u0105cych kryzys\u00f3w zdrowia psychicznego<br \/>\u2013 Dla student\u00f3w pragn\u0105cych znosi\u0107 \u201ebariery\u201d w \u015brodowisku akademickim<br \/>\u2013 Dla nauczycieli akademickich i pracownik\u00f3w administracyjnych ANSGK<\/p>\n<p><!-- \/wp:paragraph --><!-- wp:paragraph --><\/p>\n<p>Kierownik Biura:\u00a0<span style=\"color: var( --e-global-color-text ); font-family: var( --e-global-typography-text-font-family ), Sans-serif; font-weight: var( --e-global-typography-text-font-weight );\">Dr hab. Nadia Panczak-Bia\u0142ob\u0142ocka<\/span><\/p>\n<p><!-- \/wp:paragraph --><!-- wp:paragraph --><\/p>\n<p>Kontakt:<br \/>BON ANSGK<br \/>ul. Lelewela 7, 99-300 Kutno<br \/>e-mail: wsgk@wsgk.com.pl<br \/>tel: 24 355 83 40<\/p>\n<p><!-- \/wp:paragraph --><!-- wp:paragraph --><\/p>\n<p>Godziny konsultacji:<br \/>poniedzia\u0142ek godz. 9:00- 11:00, sobota godz. 09:00-12:00<\/p>\n<p><!-- \/wp:paragraph --><!-- wp:paragraph --><\/p>\n<p>Pomoc asystenta:<\/p>\n<p><!-- \/wp:paragraph --><!-- wp:paragraph --><\/p>\n<p>Komu przys\u0142uguje wsparcie asystenta?<br \/>Studenci z niepe\u0142nosprawno\u015bci\u0105 maj\u0105 prawo korzysta\u0107 ze wsparcia asystenta w czynno\u015bciach<br \/>zwi\u0105zanych z nauk\u0105, kt\u00f3rych nie s\u0105 w stanie wykona\u0107 samodzielnie.<\/p>\n<p><!-- \/wp:paragraph --><!-- wp:paragraph --><\/p>\n<p>Asystenci mog\u0105:<\/p>\n<p><!-- \/wp:paragraph --><!-- wp:paragraph --><\/p>\n<p>\u2013 towarzyszy\u0107 im w drodze na zaj\u0119cia,<br \/>\u2013 pomaga\u0107 im w notowaniu na zaj\u0119ciach,<br \/>\u2013 pomaga\u0107 im przed, w trakcie i po zako\u0144czeniu zaj\u0119\u0107 sportowych,<br \/>\u2013 pomaga\u0107 im w bibliotece, w przygotowaniu materia\u0142\u00f3w do zaj\u0119\u0107, prac zaliczeniowych,<br \/>licencjackich i magisterskich,<br \/>\u2013 pomaga\u0107 im w wykonywaniu innych, indywidualnie dobranych zada\u0144.<\/p>\n<p><!-- \/wp:paragraph --><!-- wp:paragraph --><\/p>\n<p>Jak skorzysta\u0107 ze wsparcie asystenta?<\/p>\n<p><!-- \/wp:paragraph --><!-- wp:paragraph --><\/p>\n<p>Aby skorzysta\u0107 z pomocy asystenta nale\u017cy z\u0142o\u017cy\u0107 w siedzibie Biura ds. Os\u00f3b<br \/>Niepe\u0142nosprawnych:<\/p>\n<p><!-- \/wp:paragraph --><!-- wp:paragraph --><\/p>\n<p>\u2013 kserokopi\u0119 orzeczenia o stopniu niepe\u0142nosprawno\u015bci,<br \/>\u2013 plan zaj\u0119\u0107,<br \/>\u2013 tygodniowy plan pracy asystenta, przygotowany na formularzu.<\/p>\n<p><!-- \/wp:paragraph --><!-- wp:paragraph --><\/p>\n<p>Asystenci \u2013 wsp\u00f3\u0142praca:<\/p>\n<p><!-- \/wp:paragraph --><!-- wp:paragraph --><\/p>\n<p>Biuro ds. Os\u00f3b Niepe\u0142nosprawnych poszukuje asystent\u00f3w dydaktycznych studenta<br \/>z niepe\u0142nosprawno\u015bci\u0105 na ANSGK.<\/p>\n<p><!-- \/wp:paragraph --><!-- wp:paragraph --><\/p>\n<p>Zapraszamy do wsp\u00f3\u0142pracy osoby preferuj\u0105ce prac\u0119 z lud\u017ami, otwarte i empatyczne, kt\u00f3re<br \/>chcia\u0142yby zdoby\u0107 do\u015bwiadczenie zawodowe w pracy z osobami z niepe\u0142nosprawno\u015bciami.<br \/>Zadania, jakie powierzamy asystentom dydaktycznym, dotycz\u0105 wsparcia student\u00f3w<br \/>z niepe\u0142nosprawno\u015bci\u0105 \u2013 tak, aby w pe\u0142ni mogli uczestniczy\u0107 w procesie dydaktycznym na<br \/>naszej Uczelni. Zadania s\u0105 dostosowane do potrzeb studenta i predyspozycji asystenta.<\/p>\n<p><!-- \/wp:paragraph --><!-- wp:paragraph --><\/p>\n<p>G\u0142\u00f3wne zadania asystent\u00f3w to mi\u0119dzy innymi:<\/p>\n<p><!-- \/wp:paragraph --><!-- wp:paragraph --><\/p>\n<p>\u2013 asysta podczas doj\u015bcia na Uczelni\u0119 i z powrotem, a tak\u017ce po Uczelni,<br \/>\u2013 wsparcie podczas praktyk studenckich,<br \/>\u2013 towarzyszenie w doj\u015bciu do Biblioteki, dziekanatu.<br \/>\u2013 wsparcie w adaptacji materia\u0142\u00f3w dydaktycznych,<br \/>\u2013 wsparcie w sporz\u0105dzaniu notatek oraz inne<\/p>\n<p><!-- \/wp:paragraph --><!-- wp:paragraph --><\/p>\n<p>Wymagania, jakie stawiamy kandydatom:<\/p>\n<p><!-- \/wp:paragraph --><!-- wp:paragraph --><\/p>\n<p>\u2013 sprawno\u015b\u0107 fizyczna,<br \/>\u2013 dyspozycyjno\u015b\u0107,<br \/>\u2013 umiej\u0119tne zarz\u0105dzanie swoim czasem,<br \/>\u2013 komunikatywno\u015b\u0107 i otwarto\u015b\u0107,<br \/>\u2013 samodzielno\u015b\u0107,<br \/>\u2013 mile widziane posiadanie ksi\u0105\u017ceczki zdrowia na potrzeby sanitarno-epidemiologiczne.<\/p>\n<p><!-- \/wp:paragraph --><!-- wp:paragraph --><\/p>\n<p>Oferujemy:<\/p>\n<p><!-- \/wp:paragraph --><!-- wp:paragraph --><\/p>\n<p>\u2013 ulgi w op\u0142acaniu czesnego uzale\u017cnione od ilo\u015bci godzin po\u015bwieconych studentom<br \/>niepe\u0142nosprawnym,<br \/>\u2013 zdobycie nowego do\u015bwiadczenia,<br \/>\u2013 wsparcie pracownik\u00f3w Zespo\u0142u,<br \/>\u2013 za\u015bwiadczenie o wsp\u00f3\u0142pracy.<\/p>\n<p><!-- \/wp:paragraph --><!-- wp:paragraph --><\/p>\n<p>Student\u00f3w zainteresowanych zapraszamy do sk\u0142adania CV w Rektoracie ANSGK ul. Lelewela<br \/>7 w Kutnie. Oferty przyjmowane b\u0119d\u0105 przez ca\u0142y rok akademicki.<\/p>\n<p><!-- \/wp:paragraph --><!-- wp:paragraph --><\/p>\n<p>Akademia Nauk Stosowanych Gospodarki Krajowej z siedzib\u0105 przy ul. Lelewela 7, 99-300 Kutno<br \/>(dalej: ANSGK) informuje, \u017ce dane zgromadzone w procesie rekrutacji b\u0119d\u0105 przetwarzane<br \/>wy\u0142\u0105cznie w celu realizacji tego procesu.<\/p>\n<p><!-- \/wp:paragraph --><!-- wp:paragraph --><\/p>\n<p>Zgodnie z art. 15-21 oraz art. 77 og\u00f3lnego rozporz\u0105dzenia o ochronie danych osobowych<br \/>osobie, kt\u00f3rej dane dotycz\u0105 przys\u0142uguje prawo dost\u0119pu do danych, ich sprostowania,<br \/>usuni\u0119cia lub ograniczenia przetwarzania oraz prawo do wniesienia sprzeciwu wobec<br \/>przetwarzania, a tak\u017ce wniesienia skargi do organu nadzorczego, jak r\u00f3wnie\u017c prawo do<br \/>przenoszenia danych. Zgromadzone dane osobowe nie b\u0119d\u0105 przedmiotem sprzeda\u017cy, ani<br \/>udost\u0119pniania podmiotom trzecim, za wyj\u0105tkiem uprawnionych na mocy przepis\u00f3w prawa,<br \/>nie b\u0119d\u0105 te\u017c przekazywane do pa\u0144stw trzecich lub organizacji mi\u0119dzynarodowych, wbrew<br \/>unormowaniom og\u00f3lnego rozporz\u0105dzenia o ochronie danych osobowych.<br \/>Dane b\u0119d\u0105 przetwarzane przez ANSGK w okresie rekrutacji, za\u015b w przypadku danych<br \/>przetwarzanych na podstawie zgody, do czasu wniesienia ewentualnego sprzeciwu, lub<br \/>wycofania zgody, a po tym czasie dla cel\u00f3w archiwalnych, zgodnie z procedurami ANSGK,<br \/>jak r\u00f3wnie\u017c dla cel\u00f3w i przez okres oraz w zakresie wymaganym przez przepisy prawa dla<br \/>zabezpieczenia ewentualnych roszcze\u0144.<\/p>\n<p><!-- \/wp:paragraph --><!-- wp:paragraph --><\/p>\n<p>ANSGK wyznaczy\u0142 osob\u0119 nadzoruj\u0105c\u0105 obszar przetwarzania danych osobowych, z kt\u00f3r\u0105<br \/>mo\u017cna skontaktowa\u0107 si\u0119 pod adresem: ANSGK ul. Lelewela 7, 99-300 Kutno, pok\u00f3j nr 001.<\/p>\n<p><!-- \/wp:paragraph --><\/p>\t\t\t\t\t\t\t\t<\/div>\n\t\t\t\t<\/div>\n\t\t\t\t\t<\/div>\n\t\t<\/div>\n\t\t\t\t\t<\/div>\n\t\t<\/section>\n\t\t\t\t<section class=\"elementor-section elementor-top-section elementor-element elementor-element-a901deb elementor-section-boxed elementor-section-height-default elementor-section-height-default\" data-id=\"a901deb\" data-element_type=\"section\" data-e-type=\"section\">\n\t\t\t\t\t\t<div class=\"elementor-container elementor-column-gap-default\">\n\t\t\t\t\t<div class=\"elementor-column elementor-col-100 elementor-top-column elementor-element elementor-element-665fe91\" data-id=\"665fe91\" data-element_type=\"column\" data-e-type=\"column\">\n\t\t\t<div class=\"elementor-widget-wrap elementor-element-populated\">\n\t\t\t\t\t\t<div class=\"elementor-element elementor-element-e8a8e77 elementor-widget elementor-widget-image\" data-id=\"e8a8e77\" data-element_type=\"widget\" data-e-type=\"widget\" data-widget_type=\"image.default\">\n\t\t\t\t<div class=\"elementor-widget-container\">\n\t\t\t\t\t\t\t\t\t\t\t\t\t\t\t<img fetchpriority=\"high\" decoding=\"async\" width=\"1024\" height=\"132\" src=\"https:\/\/bon.wsgk.com.pl\/wp-content\/uploads\/2022\/03\/cropped-logo_eu_rp-scaled-1-1024x132.jpg\" class=\"attachment-large size-large wp-image-57\" alt=\"\" srcset=\"https:\/\/bon.wsgk.com.pl\/wp-content\/uploads\/2022\/03\/cropped-logo_eu_rp-scaled-1-1024x132.jpg 1024w, https:\/\/bon.wsgk.com.pl\/wp-content\/uploads\/2022\/03\/cropped-logo_eu_rp-scaled-1-300x39.jpg 300w, https:\/\/bon.wsgk.com.pl\/wp-content\/uploads\/2022\/03\/cropped-logo_eu_rp-scaled-1-768x99.jpg 768w, https:\/\/bon.wsgk.com.pl\/wp-content\/uploads\/2022\/03\/cropped-logo_eu_rp-scaled-1-1536x197.jpg 1536w, https:\/\/bon.wsgk.com.pl\/wp-content\/uploads\/2022\/03\/cropped-logo_eu_rp-scaled-1-2048x263.jpg 2048w, https:\/\/bon.wsgk.com.pl\/wp-content\/uploads\/2022\/03\/cropped-logo_eu_rp-scaled-1-1920x247.jpg 1920w\" sizes=\"(max-width: 1024px) 100vw, 1024px\" \/>\t\t\t\t\t\t\t\t\t\t\t\t\t\t\t<\/div>\n\t\t\t\t<\/div>\n\t\t\t\t\t<\/div>\n\t\t<\/div>\n\t\t\t\t\t<\/div>\n\t\t<\/section>\n\t\t\t\t<\/div>\n\t\t","protected":false},"excerpt":{"rendered":"<p>Wsp\u00f3\u0142pracujemy ze studentami z niepe\u0142nosprawno\u015bciami oraz osobami do\u015bwiadczaj\u0105cymikryzys\u00f3w zdrowia psychicznego. Prowadzimy doradztwo i szkolenia z zakresu efektywnegouczenia si\u0119 i wykorzystania czasu studi\u00f3w. Misj\u0105 Biura jest: \u2013 integracja os\u00f3b z niepe\u0142nosprawno\u015bciami ze \u015brodowiskiem akademickim,\u2013 wyr\u00f3wnanie szans edukacyjnych,\u2013 likwidowanie barier oraz przeciwdzia\u0142anie wykluczeniu,\u2013 dostosowanie procesu dydaktycznego do student\u00f3w o r\u00f3\u017cnych potrzebachwynikaj\u0105cych ze stanu zdrowia. W czasie dy\u017cur\u00f3w&hellip; <br \/> <a class=\"read-more\" href=\"https:\/\/bon.wsgk.com.pl\/?page_id=22\">Dowiedz si\u0119 wi\u0119cej<\/a><\/p>\n","protected":false},"author":1,"featured_media":0,"parent":0,"menu_order":0,"comment_status":"closed","ping_status":"closed","template":"","meta":{"footnotes":""},"class_list":["post-22","page","type-page","status-publish","hentry"],"yoast_head":"<!-- This site is optimized with the Yoast SEO plugin v27.5 - https:\/\/yoast.com\/product\/yoast-seo-wordpress\/ -->\n<title>BON - BON ANSGK<\/title>\n<meta name=\"robots\" content=\"index, follow, max-snippet:-1, max-image-preview:large, max-video-preview:-1\" \/>\n<link rel=\"canonical\" href=\"https:\/\/bon.wsgk.com.pl\/?page_id=22\" \/>\n<meta property=\"og:locale\" content=\"pl_PL\" \/>\n<meta property=\"og:type\" content=\"article\" \/>\n<meta property=\"og:title\" content=\"BON - BON ANSGK\" \/>\n<meta property=\"og:description\" content=\"Wsp\u00f3\u0142pracujemy ze studentami z niepe\u0142nosprawno\u015bciami oraz osobami do\u015bwiadczaj\u0105cymikryzys\u00f3w zdrowia psychicznego. Prowadzimy doradztwo i szkolenia z zakresu efektywnegouczenia si\u0119 i wykorzystania czasu studi\u00f3w. Misj\u0105 Biura jest: \u2013 integracja os\u00f3b z niepe\u0142nosprawno\u015bciami ze \u015brodowiskiem akademickim,\u2013 wyr\u00f3wnanie szans edukacyjnych,\u2013 likwidowanie barier oraz przeciwdzia\u0142anie wykluczeniu,\u2013 dostosowanie procesu dydaktycznego do student\u00f3w o r\u00f3\u017cnych potrzebachwynikaj\u0105cych ze stanu zdrowia. W czasie dy\u017cur\u00f3w&hellip; Dowiedz si\u0119 wi\u0119cej\" \/>\n<meta property=\"og:url\" content=\"https:\/\/bon.wsgk.com.pl\/?page_id=22\" \/>\n<meta property=\"og:site_name\" content=\"BON ANSGK\" \/>\n<meta property=\"article:modified_time\" content=\"2025-01-03T11:21:28+00:00\" \/>\n<meta property=\"og:image\" content=\"https:\/\/bon.wsgk.com.pl\/wp-content\/uploads\/2022\/03\/cropped-logo_eu_rp-scaled-1.jpg\" \/>\n\t<meta property=\"og:image:width\" content=\"2560\" \/>\n\t<meta property=\"og:image:height\" content=\"329\" \/>\n\t<meta property=\"og:image:type\" content=\"image\/jpeg\" \/>\n<meta name=\"twitter:card\" content=\"summary_large_image\" \/>\n<meta name=\"twitter:label1\" content=\"Szacowany czas czytania\" \/>\n\t<meta name=\"twitter:data1\" content=\"4 minuty\" \/>\n<script type=\"application\/ld+json\" class=\"yoast-schema-graph\">{\"@context\":\"https:\\\/\\\/schema.org\",\"@graph\":[{\"@type\":\"WebPage\",\"@id\":\"https:\\\/\\\/bon.wsgk.com.pl\\\/?page_id=22\",\"url\":\"https:\\\/\\\/bon.wsgk.com.pl\\\/?page_id=22\",\"name\":\"BON - BON ANSGK\",\"isPartOf\":{\"@id\":\"https:\\\/\\\/bon.wsgk.com.pl\\\/#website\"},\"primaryImageOfPage\":{\"@id\":\"https:\\\/\\\/bon.wsgk.com.pl\\\/?page_id=22#primaryimage\"},\"image\":{\"@id\":\"https:\\\/\\\/bon.wsgk.com.pl\\\/?page_id=22#primaryimage\"},\"thumbnailUrl\":\"https:\\\/\\\/bon.wsgk.com.pl\\\/wp-content\\\/uploads\\\/2022\\\/03\\\/cropped-logo_eu_rp-scaled-1-1024x132.jpg\",\"datePublished\":\"2022-03-16T13:38:58+00:00\",\"dateModified\":\"2025-01-03T11:21:28+00:00\",\"breadcrumb\":{\"@id\":\"https:\\\/\\\/bon.wsgk.com.pl\\\/?page_id=22#breadcrumb\"},\"inLanguage\":\"pl-PL\",\"potentialAction\":[{\"@type\":\"ReadAction\",\"target\":[\"https:\\\/\\\/bon.wsgk.com.pl\\\/?page_id=22\"]}]},{\"@type\":\"ImageObject\",\"inLanguage\":\"pl-PL\",\"@id\":\"https:\\\/\\\/bon.wsgk.com.pl\\\/?page_id=22#primaryimage\",\"url\":\"https:\\\/\\\/bon.wsgk.com.pl\\\/wp-content\\\/uploads\\\/2022\\\/03\\\/cropped-logo_eu_rp-scaled-1.jpg\",\"contentUrl\":\"https:\\\/\\\/bon.wsgk.com.pl\\\/wp-content\\\/uploads\\\/2022\\\/03\\\/cropped-logo_eu_rp-scaled-1.jpg\",\"width\":2560,\"height\":329},{\"@type\":\"BreadcrumbList\",\"@id\":\"https:\\\/\\\/bon.wsgk.com.pl\\\/?page_id=22#breadcrumb\",\"itemListElement\":[{\"@type\":\"ListItem\",\"position\":1,\"name\":\"Home\",\"item\":\"https:\\\/\\\/bon.wsgk.com.pl\\\/\"},{\"@type\":\"ListItem\",\"position\":2,\"name\":\"BON\"}]},{\"@type\":\"WebSite\",\"@id\":\"https:\\\/\\\/bon.wsgk.com.pl\\\/#website\",\"url\":\"https:\\\/\\\/bon.wsgk.com.pl\\\/\",\"name\":\"BON ANSGK\",\"description\":\"Biuro ds. Os\u00f3b Niepe\u0142nosprawnych ANSGK Kutno\",\"publisher\":{\"@id\":\"https:\\\/\\\/bon.wsgk.com.pl\\\/#organization\"},\"potentialAction\":[{\"@type\":\"SearchAction\",\"target\":{\"@type\":\"EntryPoint\",\"urlTemplate\":\"https:\\\/\\\/bon.wsgk.com.pl\\\/?s={search_term_string}\"},\"query-input\":{\"@type\":\"PropertyValueSpecification\",\"valueRequired\":true,\"valueName\":\"search_term_string\"}}],\"inLanguage\":\"pl-PL\"},{\"@type\":\"Organization\",\"@id\":\"https:\\\/\\\/bon.wsgk.com.pl\\\/#organization\",\"name\":\"BON ANSGK\",\"url\":\"https:\\\/\\\/bon.wsgk.com.pl\\\/\",\"logo\":{\"@type\":\"ImageObject\",\"inLanguage\":\"pl-PL\",\"@id\":\"https:\\\/\\\/bon.wsgk.com.pl\\\/#\\\/schema\\\/logo\\\/image\\\/\",\"url\":\"https:\\\/\\\/bon.wsgk.com.pl\\\/wp-content\\\/uploads\\\/2023\\\/07\\\/cropped-ANS-WSGK-KUTNO_WSTEGA.png\",\"contentUrl\":\"https:\\\/\\\/bon.wsgk.com.pl\\\/wp-content\\\/uploads\\\/2023\\\/07\\\/cropped-ANS-WSGK-KUTNO_WSTEGA.png\",\"width\":1001,\"height\":1282,\"caption\":\"BON ANSGK\"},\"image\":{\"@id\":\"https:\\\/\\\/bon.wsgk.com.pl\\\/#\\\/schema\\\/logo\\\/image\\\/\"}}]}<\/script>\n<!-- \/ Yoast SEO plugin. -->","yoast_head_json":{"title":"BON - BON ANSGK","robots":{"index":"index","follow":"follow","max-snippet":"max-snippet:-1","max-image-preview":"max-image-preview:large","max-video-preview":"max-video-preview:-1"},"canonical":"https:\/\/bon.wsgk.com.pl\/?page_id=22","og_locale":"pl_PL","og_type":"article","og_title":"BON - BON ANSGK","og_description":"Wsp\u00f3\u0142pracujemy ze studentami z niepe\u0142nosprawno\u015bciami oraz osobami do\u015bwiadczaj\u0105cymikryzys\u00f3w zdrowia psychicznego. Prowadzimy doradztwo i szkolenia z zakresu efektywnegouczenia si\u0119 i wykorzystania czasu studi\u00f3w. Misj\u0105 Biura jest: \u2013 integracja os\u00f3b z niepe\u0142nosprawno\u015bciami ze \u015brodowiskiem akademickim,\u2013 wyr\u00f3wnanie szans edukacyjnych,\u2013 likwidowanie barier oraz przeciwdzia\u0142anie wykluczeniu,\u2013 dostosowanie procesu dydaktycznego do student\u00f3w o r\u00f3\u017cnych potrzebachwynikaj\u0105cych ze stanu zdrowia. W czasie dy\u017cur\u00f3w&hellip; Dowiedz si\u0119 wi\u0119cej","og_url":"https:\/\/bon.wsgk.com.pl\/?page_id=22","og_site_name":"BON ANSGK","article_modified_time":"2025-01-03T11:21:28+00:00","og_image":[{"width":2560,"height":329,"url":"https:\/\/bon.wsgk.com.pl\/wp-content\/uploads\/2022\/03\/cropped-logo_eu_rp-scaled-1.jpg","type":"image\/jpeg"}],"twitter_card":"summary_large_image","twitter_misc":{"Szacowany czas czytania":"4 minuty"},"schema":{"@context":"https:\/\/schema.org","@graph":[{"@type":"WebPage","@id":"https:\/\/bon.wsgk.com.pl\/?page_id=22","url":"https:\/\/bon.wsgk.com.pl\/?page_id=22","name":"BON - BON ANSGK","isPartOf":{"@id":"https:\/\/bon.wsgk.com.pl\/#website"},"primaryImageOfPage":{"@id":"https:\/\/bon.wsgk.com.pl\/?page_id=22#primaryimage"},"image":{"@id":"https:\/\/bon.wsgk.com.pl\/?page_id=22#primaryimage"},"thumbnailUrl":"https:\/\/bon.wsgk.com.pl\/wp-content\/uploads\/2022\/03\/cropped-logo_eu_rp-scaled-1-1024x132.jpg","datePublished":"2022-03-16T13:38:58+00:00","dateModified":"2025-01-03T11:21:28+00:00","breadcrumb":{"@id":"https:\/\/bon.wsgk.com.pl\/?page_id=22#breadcrumb"},"inLanguage":"pl-PL","potentialAction":[{"@type":"ReadAction","target":["https:\/\/bon.wsgk.com.pl\/?page_id=22"]}]},{"@type":"ImageObject","inLanguage":"pl-PL","@id":"https:\/\/bon.wsgk.com.pl\/?page_id=22#primaryimage","url":"https:\/\/bon.wsgk.com.pl\/wp-content\/uploads\/2022\/03\/cropped-logo_eu_rp-scaled-1.jpg","contentUrl":"https:\/\/bon.wsgk.com.pl\/wp-content\/uploads\/2022\/03\/cropped-logo_eu_rp-scaled-1.jpg","width":2560,"height":329},{"@type":"BreadcrumbList","@id":"https:\/\/bon.wsgk.com.pl\/?page_id=22#breadcrumb","itemListElement":[{"@type":"ListItem","position":1,"name":"Home","item":"https:\/\/bon.wsgk.com.pl\/"},{"@type":"ListItem","position":2,"name":"BON"}]},{"@type":"WebSite","@id":"https:\/\/bon.wsgk.com.pl\/#website","url":"https:\/\/bon.wsgk.com.pl\/","name":"BON ANSGK","description":"Biuro ds. Os\u00f3b Niepe\u0142nosprawnych ANSGK Kutno","publisher":{"@id":"https:\/\/bon.wsgk.com.pl\/#organization"},"potentialAction":[{"@type":"SearchAction","target":{"@type":"EntryPoint","urlTemplate":"https:\/\/bon.wsgk.com.pl\/?s={search_term_string}"},"query-input":{"@type":"PropertyValueSpecification","valueRequired":true,"valueName":"search_term_string"}}],"inLanguage":"pl-PL"},{"@type":"Organization","@id":"https:\/\/bon.wsgk.com.pl\/#organization","name":"BON ANSGK","url":"https:\/\/bon.wsgk.com.pl\/","logo":{"@type":"ImageObject","inLanguage":"pl-PL","@id":"https:\/\/bon.wsgk.com.pl\/#\/schema\/logo\/image\/","url":"https:\/\/bon.wsgk.com.pl\/wp-content\/uploads\/2023\/07\/cropped-ANS-WSGK-KUTNO_WSTEGA.png","contentUrl":"https:\/\/bon.wsgk.com.pl\/wp-content\/uploads\/2023\/07\/cropped-ANS-WSGK-KUTNO_WSTEGA.png","width":1001,"height":1282,"caption":"BON ANSGK"},"image":{"@id":"https:\/\/bon.wsgk.com.pl\/#\/schema\/logo\/image\/"}}]}},"_links":{"self":[{"href":"https:\/\/bon.wsgk.com.pl\/index.php?rest_route=\/wp\/v2\/pages\/22","targetHints":{"allow":["GET"]}}],"collection":[{"href":"https:\/\/bon.wsgk.com.pl\/index.php?rest_route=\/wp\/v2\/pages"}],"about":[{"href":"https:\/\/bon.wsgk.com.pl\/index.php?rest_route=\/wp\/v2\/types\/page"}],"author":[{"embeddable":true,"href":"https:\/\/bon.wsgk.com.pl\/index.php?rest_route=\/wp\/v2\/users\/1"}],"replies":[{"embeddable":true,"href":"https:\/\/bon.wsgk.com.pl\/index.php?rest_route=%2Fwp%2Fv2%2Fcomments&post=22"}],"version-history":[{"count":19,"href":"https:\/\/bon.wsgk.com.pl\/index.php?rest_route=\/wp\/v2\/pages\/22\/revisions"}],"predecessor-version":[{"id":224,"href":"https:\/\/bon.wsgk.com.pl\/index.php?rest_route=\/wp\/v2\/pages\/22\/revisions\/224"}],"wp:attachment":[{"href":"https:\/\/bon.wsgk.com.pl\/index.php?rest_route=%2Fwp%2Fv2%2Fmedia&parent=22"}],"curies":[{"name":"wp","href":"https:\/\/api.w.org\/{rel}","templated":true}]}}